{"id":21,"date":"2024-10-01T23:07:39","date_gmt":"2024-10-01T21:07:39","guid":{"rendered":"http:\/\/atelimn.cluster027.hosting.ovh.net\/?page_id=21"},"modified":"2026-04-18T23:28:08","modified_gmt":"2026-04-18T21:28:08","slug":"balades","status":"publish","type":"page","link":"https:\/\/atelier-des-butinees.fr\/index.php\/balades\/","title":{"rendered":"Les Balades"},"content":{"rendered":"\n<p><strong>A venir, la possibilit\u00e9 de voir les photographies de ces diff\u00e9rentes visites de lieux&#8230;<\/strong><\/p>\n\n\n\n<h4 class=\"wp-block-heading\"><strong>L\u2019arpentage&nbsp;<\/strong><strong>en guise d\u2019<\/strong><strong>\u00e9chapp\u00e9e <\/strong><strong>\/ <\/strong><em>pour se donner du champ<\/em><\/h4>\n\n\n\n<p><strong>Le P\u00e8lerinage des Cornus \/<\/strong> <em>Sub-Turbulences<\/em><\/p>\n\n\n\n<p><strong>L\u2019U sin\u2019 des Affects \/&nbsp; <em>2004 :<\/em><\/strong><em> Travail photographique pr\u00e9paratoire dans le cadre du DNSEP (dipl\u00f4me national sup\u00e9rieur d\u2019expression plastique) aux Beaux Arts de Poitiers<\/em><\/p>\n\n\n\n<p><strong>Les massifs du bord des routes<\/strong> \/ <em>\u00e0 venir<\/em><\/p>\n\n\n\n<hr class=\"wp-block-separator has-alpha-channel-opacity\"\/>\n\n\n\n<h4 class=\"wp-block-heading\"><strong>Le clos des autres \/<\/strong> <em>eu \u00e9gard \u00e0 notre mani\u00e8re d\u2019orienter les d\u00e9ambulations<\/em><\/h4>\n\n\n\n<p><strong>Dordogne :<\/strong> Les Jardins de l\u2019Albar\u00e8de \u2013 Marqueyssac -Les Jardins du Manoir d\u2019Eyrignac \u2013 Les Jardins de l\u2019imaginaire<\/p>\n\n\n\n<p><strong>Le Perche :<\/strong> Jardins secrets \u2013 La Renardi\u00e8re,&nbsp; Perch\u00e9 dans le Perche \u2013 La petite Rochelle \u2013 Le jardin du manoir des Perrignes \u2013 le jardin du manoir de Pontgirard \u2013 Le jardin Fran\u00e7ois \u2013 Le Perche et la permaculture<\/p>\n\n\n\n<p><strong>Normandie :<\/strong> Le Jardin Plume \u2013 Le Bois des Moutiers \u2013\u00a0 Les Jardins de Castillon Plantbessin \u2013\u00a0 Le Vasterival \u2013 Le Jardin du naturaliste \u2013 Le jardin botanique de Vauville &#8211; <a href=\"http:\/\/atelier-des-butinees.fr\/index.php\/shamrock\/\" data-type=\"page\" data-id=\"697\">Shamrock<\/a> &#8211; <a href=\"http:\/\/atelier-des-butinees.fr\/index.php\/jardin-pascal-cribier\/\" data-type=\"page\" data-id=\"475\"><strong>Jardin de Pascal Cribier<\/strong><\/a> &#8211; <a href=\"http:\/\/atelier-des-butinees.fr\/index.php\/laube-des-fleurs\/\" data-type=\"page\" data-id=\"579\"><strong>L&rsquo;Au<\/strong>be des fleurs<\/a><\/p>\n\n\n\n<p><strong>Un peu plus loin encore : <\/strong>&nbsp; Kerdalo \u2013&nbsp; Le jardin du marais \u2013 Chaumont-sur-Loire&nbsp; \u2013 Villandry \u2013 Les Jardins de la ballue \u2013 Les jardins du prieur\u00e9 d\u2019Orsan \u2013 Le jardin des sambucs &#8211; Chenonceau<\/p>\n\n\n\n<hr class=\"wp-block-separator has-alpha-channel-opacity\"\/>\n\n\n\n<h4 class=\"wp-block-heading\"><strong>Voyages \/ <\/strong><em>botaniques et vernaculaires pour s\u2019impr\u00e9gner du vulgaire<\/em><\/h4>\n\n\n\n<p><strong>La Sardaigne \/<\/strong> A\u00efe, a\u00efe, a\u00eee, la Sardaigne !!! Mis\u00e8re, la d\u00e9prime au retour dans les jardins.<\/p>\n\n\n\n<p><strong>Cr\u00eate \/<\/strong> \u00e0 venir<\/p>\n\n\n\n<p><strong>Les dunes d\u2019Hatainville \/<\/strong>&nbsp;&nbsp;&nbsp;&nbsp;&nbsp;&nbsp; haaaaa, la flore des sables, les embruns sal\u00e9s et le plaisir de marcher pieds nus, rien de tel qu\u2019une ballade dunaire pour cela !!!<\/p>\n\n\n\n<p><strong>Bretagne \/<\/strong> \u00e0 venir<\/p>\n\n\n\n<p><strong>Marais Poitevin \/<\/strong> \u00e0 venir \u2013 L\u2019autre pays de la trogne.<\/p>\n\n\n\n<p><\/p>\n","protected":false},"excerpt":{"rendered":"<p>A venir, la possibilit\u00e9 de voir les photographies de ces diff\u00e9rentes visites de lieux&#8230; L\u2019arpentage&nbsp;en guise d\u2019\u00e9chapp\u00e9e \/ pour se donner du champ Le P\u00e8lerinage des Cornus \/ Sub-Turbulences L\u2019U sin\u2019 des Affects \/&nbsp; 2004 : Travail photographique pr\u00e9paratoire dans le cadre du DNSEP (dipl\u00f4me national sup\u00e9rieur d\u2019expression plastique) aux Beaux Arts de Poitiers Les [&hellip;]<\/p>\n","protected":false},"author":1,"featured_media":0,"parent":0,"menu_order":0,"comment_status":"closed","ping_status":"closed","template":"","meta":{"footnotes":""},"class_list":["post-21","page","type-page","status-publish","hentry"],"_links":{"self":[{"href":"https:\/\/atelier-des-butinees.fr\/index.php\/wp-json\/wp\/v2\/pages\/21","targetHints":{"allow":["GET"]}}],"collection":[{"href":"https:\/\/atelier-des-butinees.fr\/index.php\/wp-json\/wp\/v2\/pages"}],"about":[{"href":"https:\/\/atelier-des-butinees.fr\/index.php\/wp-json\/wp\/v2\/types\/page"}],"author":[{"embeddable":true,"href":"https:\/\/atelier-des-butinees.fr\/index.php\/wp-json\/wp\/v2\/users\/1"}],"replies":[{"embeddable":true,"href":"https:\/\/atelier-des-butinees.fr\/index.php\/wp-json\/wp\/v2\/comments?post=21"}],"version-history":[{"count":18,"href":"https:\/\/atelier-des-butinees.fr\/index.php\/wp-json\/wp\/v2\/pages\/21\/revisions"}],"predecessor-version":[{"id":813,"href":"https:\/\/atelier-des-butinees.fr\/index.php\/wp-json\/wp\/v2\/pages\/21\/revisions\/813"}],"wp:attachment":[{"href":"https:\/\/atelier-des-butinees.fr\/index.php\/wp-json\/wp\/v2\/media?parent=21"}],"curies":[{"name":"wp","href":"https:\/\/api.w.org\/{rel}","templated":true}]}}